{"id":29338,"date":"2021-01-19T12:56:39","date_gmt":"2021-01-19T11:56:39","guid":{"rendered":"https:\/\/www.esf.se\/om-overvakningskommitten\/"},"modified":"2025-09-24T16:25:27","modified_gmt":"2025-09-24T14:25:27","slug":"om-overvakningskommitten","status":"publish","type":"page","link":"https:\/\/www.esf.se\/en\/om-overvakningskommitten\/","title":{"rendered":"European Social Fund Monitoring Committee"},"content":{"rendered":"\n<p>The Monitoring Committee consists of representatives of public authorities, the business community and labour market parties, research institutes and higher education institutions and relevant bodies representing civil society, including those that promote social inclusion, fundamental rights, the rights of people with disabilities, gender equality and non-discrimination. The Government appoints the chair of the committee and decides which public authorities and other organisations should be represented. Representatives of the European Commission participate in the work of the committee in a supervisory and advisory capacity.<\/p>\n\n\n\n<p>Among other things, the Monitoring Committee is tasked with reviewing the implementation of Sweden\u2019s EFS+ Operational Programme and satisfying itself that the programme is being implemented efficiently and to a high level of quality. The committee is also responsible for supervising the completion of the national ESF Operational Programme 2014\u20132020 for growth and jobs.<\/p>\n\n\n<div class=\"accordion\">\n  <div class=\"accordion-top\">\n    <button\n      class=\"accordion-button absolute left-[1.375em] text-[17px]\"\n      type=\"button\"\n      aria-expanded=\"false\"\n      aria-controls=\"accordion-content-69d888d456897\"\n      aria-label=\"Programme 2014\u20132020 for growth and jobs. Appointed organisations and members \"\n    >\n      <h3 class=\"sr-only\">\n        Programme 2014\u20132020 for growth and jobs. Appointed organisations and members \n      <\/h3>\n\n      <i class=\"fa-light fa-angle-right\"><\/i>\n    <\/button>\n\n    <h3 class=\"accordion-top-title\">Programme 2014\u20132020 for growth and jobs. Appointed organisations and members <\/h3>\n  <\/div>\n\n  <div class=\"accordion-content\" id=\"accordion-content-69d888d456897\">\n          <p><strong>Chair<\/strong>: Elin Landell<\/p>\n<p><strong>Ministry of Employment:<\/strong> \u00c5sa Bergqvist<\/p>\n<p><strong>European Commission: <\/strong>Adelina Dos Reis\u00a0and Alexandra Kirgios<\/p>\n<p>&nbsp;<\/p>\n<p><strong>Organisations and members of the ESF Monitoring Committee 2021\u20132027<\/strong><\/p>\n<table width=\"100%\">\n<tbody>\n<tr>\n<td width=\"45%\"><strong>Organisation:<\/strong><\/td>\n<td><strong>Member:<\/strong><\/td>\n<td><strong>Alternate:<\/strong><\/td>\n<\/tr>\n<tr>\n<td>\n<table width=\"100%\">\n<tbody>\n<tr>\n<td><strong>Swedish Public Employment Service<\/strong><\/td>\n<\/tr>\n<\/tbody>\n<\/table>\n<\/td>\n<td>Maria Kindahl<\/td>\n<td>Emil Johansson<\/td>\n<\/tr>\n<tr>\n<td><strong>Swedish Agency for Government Employers<\/strong><\/td>\n<td>Emil Lindstr\u00f6m (<em>F\u00f6r\u00e4ldraledig)<\/em><\/td>\n<td>Karin Berglind<\/td>\n<\/tr>\n<tr>\n<td><strong>Coompanion<\/strong><\/td>\n<td>Marita \u00d6berg-Molin<\/td>\n<td>Gordon Hahn<\/td>\n<\/tr>\n<tr>\n<td><strong>Equality Ombudsman (DO)\u00a0<\/strong><\/td>\n<td>Anna Ericsson<\/td>\n<td>Ann Frisell<\/td>\n<\/tr>\n<tr>\n<td><strong>Swedish National Council of Adult Education<\/strong><\/td>\n<td>Anna-Carin Bylund<\/td>\n<td>Linda Ros\u00e9n. Magnus Wetterberg (<em>tj\u00e4nstledig<\/em>)<\/td>\n<\/tr>\n<tr>\n<td><strong>FORTE\u00a0<\/strong><\/td>\n<td>Ulla Wallin<\/td>\n<td>Anna-Karin Flor\u00e9n<\/td>\n<\/tr>\n<tr>\n<td><strong>Fremia<\/strong><\/td>\n<td>Patrik Schr\u00f6der<\/td>\n<td>Karin Liljeblad<\/td>\n<\/tr>\n<tr>\n<td>\n<table width=\"100%\">\n<tbody>\n<tr>\n<td><strong>Swedish Federation of Business Owners<\/strong><\/td>\n<\/tr>\n<\/tbody>\n<\/table>\n<\/td>\n<td>Petra \u00d6rjegren<\/td>\n<td>Marie Axtelius<\/td>\n<\/tr>\n<tr>\n<td>\n<table width=\"100%\">\n<tbody>\n<tr>\n<td><strong>Swedish Social Insurance Agency<\/strong><\/td>\n<\/tr>\n<\/tbody>\n<\/table>\n<\/td>\n<td>Carina Hagelin Kj\u00e4llman<\/td>\n<td>Sofia Gagnert<\/td>\n<\/tr>\n<tr>\n<td>\n<table width=\"100%\">\n<tbody>\n<tr>\n<td><strong>Swedish Disability Rights Federation\u00a0<\/strong><\/td>\n<\/tr>\n<\/tbody>\n<\/table>\n<\/td>\n<td>Marina Carlsson<\/td>\n<td>Nicklas M\u00e5rtensson<\/td>\n<\/tr>\n<tr>\n<td>\n<table width=\"100%\">\n<tbody>\n<tr>\n<td><strong>Institute for Evaluation of Labour Market and Education Policy (IFAU)<\/strong><\/td>\n<\/tr>\n<\/tbody>\n<\/table>\n<\/td>\n<td>Sara Martinsson<\/td>\n<td>Ulrika Vikman<\/td>\n<\/tr>\n<tr>\n<td>\n<table width=\"100%\">\n<tbody>\n<tr>\n<td><strong>Swedish Trade Union Confederation (LO)<\/strong><\/td>\n<\/tr>\n<\/tbody>\n<\/table>\n<\/td>\n<td>Mattias Schulstad<\/td>\n<td>Linnea Magro<\/td>\n<\/tr>\n<tr>\n<td>\n<table width=\"100%\">\n<tbody>\n<tr>\n<td><strong>Malm\u00f6 University<\/strong><\/td>\n<\/tr>\n<\/tbody>\n<\/table>\n<\/td>\n<td>Charlotte Ahlgren-Moritz<\/td>\n<td>Sara Bj\u00e4rstorp<\/td>\n<\/tr>\n<tr>\n<td>\n<table width=\"100%\">\n<tbody>\n<tr>\n<td><strong>Swedish Migration Agency<\/strong><\/td>\n<\/tr>\n<\/tbody>\n<\/table>\n<\/td>\n<td>John Gunnarsson<\/td>\n<td>Johanna Lensell Rebillon<\/td>\n<\/tr>\n<tr>\n<td>\n<table width=\"100%\">\n<tbody>\n<tr>\n<td><strong>Swedish Agency for Youth and Civil Society (MUCF)<\/strong><\/td>\n<\/tr>\n<\/tbody>\n<\/table>\n<\/td>\n<td>Johan Lycke<\/td>\n<td>Emma Hansson<\/td>\n<\/tr>\n<tr>\n<td>\n<table width=\"100%\">\n<tbody>\n<tr>\n<td><strong>Swedish National Agency for Higher Vocational Education<\/strong><\/td>\n<\/tr>\n<\/tbody>\n<\/table>\n<\/td>\n<td>Sofia Karlsson<\/td>\n<td>Carina Wilhelmsson<\/td>\n<\/tr>\n<tr>\n<td><strong>Region G\u00e4vleborg<\/strong><strong><br \/>\n<\/strong><\/td>\n<td>Ida Thunholm<\/td>\n<td>Niclas Cronsell<\/td>\n<\/tr>\n<tr>\n<td><strong>Region Norrbotten<\/strong><\/td>\n<td>Roger Ylinenp\u00e4\u00e4<\/td>\n<td>Kenneth Sjaunja<\/td>\n<\/tr>\n<tr>\n<td>\n<table width=\"100%\">\n<tbody>\n<tr>\n<td><strong>Swedish Sports Confederation (RF)<\/strong><\/td>\n<\/tr>\n<\/tbody>\n<\/table>\n<\/td>\n<td>Marie Denitton<\/td>\n<td>Mattias Hjelmberg<\/td>\n<\/tr>\n<tr>\n<td><strong>Riksf\u00f6reningen Sveriges stadsmissioner<\/strong><\/td>\n<td>\u00c5sa Bengtsson<\/td>\n<td>Jonas Wihlstrand<\/td>\n<\/tr>\n<tr>\n<td>\n<table width=\"100%\">\n<tbody>\n<tr>\n<td><strong>Save the Children Sweden<\/strong><\/td>\n<\/tr>\n<\/tbody>\n<\/table>\n<\/td>\n<td>Alexandra Fritzon<\/td>\n<td>Sakina Sakerwalla<\/td>\n<\/tr>\n<tr>\n<td>\n<table width=\"100%\">\n<tbody>\n<tr>\n<td><strong>Swedish National Agency for Education<\/strong><\/td>\n<\/tr>\n<\/tbody>\n<\/table>\n<\/td>\n<td>Helen Myslek<\/td>\n<td>Anders Duvk\u00e4r<\/td>\n<\/tr>\n<tr>\n<td>\n<table width=\"100%\">\n<tbody>\n<tr>\n<td><strong>National Board of Health and Welfare<\/strong><\/td>\n<\/tr>\n<\/tbody>\n<\/table>\n<\/td>\n<td>Sofia Lid\u00e9n<\/td>\n<td>Hillevi Andersson<\/td>\n<\/tr>\n<tr>\n<td>\n<table width=\"100%\">\n<tbody>\n<tr>\n<td><strong>Swedish Association of Local Authorities and Regions (SALAR)<\/strong><\/td>\n<\/tr>\n<\/tbody>\n<\/table>\n<\/td>\n<td>Gunnar Anderzon<\/td>\n<td>Ulrica Runemar<\/td>\n<\/tr>\n<tr>\n<td>\n<table width=\"100%\">\n<tbody>\n<tr>\n<td><strong>Swedish Red Cross<\/strong><\/td>\n<\/tr>\n<\/tbody>\n<\/table>\n<\/td>\n<td>Johanna Saunders<\/td>\n<td>Vakant<\/td>\n<\/tr>\n<tr>\n<td>\n<table width=\"100%\">\n<tbody>\n<tr>\n<td><strong>Confederation of Swedish Enterprise<\/strong><\/td>\n<\/tr>\n<\/tbody>\n<\/table>\n<\/td>\n<td>Carina Lindfelt<\/td>\n<td>Patrik Karlsson<\/td>\n<\/tr>\n<tr>\n<td>\n<table width=\"100%\">\n<tbody>\n<tr>\n<td><strong>Swedish Agency for Economic and Regional Growth<\/strong><\/td>\n<\/tr>\n<\/tbody>\n<\/table>\n<\/td>\n<td>Ulf Savb\u00e4ck<\/td>\n<td>\u00c5sa L\u00f6velius Kebert<\/td>\n<\/tr>\n<tr>\n<td>\n<table width=\"100%\">\n<tbody>\n<tr>\n<td><strong>Swedish Confederation of Professional Employees (TCO)<\/strong><\/td>\n<\/tr>\n<\/tbody>\n<\/table>\n<\/td>\n<td>H\u00e5kan Gustavsson<\/td>\n<td>Lena Orpana<\/td>\n<\/tr>\n<tr>\n<td>\n<table width=\"100%\">\n<tbody>\n<tr>\n<td><strong>Swedish Council for Higher Education<\/strong><\/td>\n<\/tr>\n<\/tbody>\n<\/table>\n<\/td>\n<td>Malin J\u00f6nsson<\/td>\n<td>Nichlas Malmdahl<\/td>\n<\/tr>\n<\/tbody>\n<\/table>\n<p>&nbsp;<\/p>\n\n    \n    \n      <\/div>\n\n  <button class=\"accordion-close\" type=\"button\" @click=\"open = false\">\n    St\u00e4ng\n  <\/button>\n<\/div>\n\n\n\n<h2 class=\"wp-block-heading container\" id=\"arbetsutskott\">Working Committee<\/h2>\n\n\n\n<p class=\"container\">The role, assignment and composition of the Working Committee are regulated in Section 4.1 of the Monitoring Committee\u2019s Rules of Procedure.<\/p>\n\n\n<div class=\"accordion\">\n  <div class=\"accordion-top\">\n    <button\n      class=\"accordion-button absolute left-[1.375em] text-[17px]\"\n      type=\"button\"\n      aria-expanded=\"false\"\n      aria-controls=\"accordion-content-69d888d457692\"\n      aria-label=\"Working Committee \"\n    >\n      <h3 class=\"sr-only\">\n        Working Committee \n      <\/h3>\n\n      <i class=\"fa-light fa-angle-right\"><\/i>\n    <\/button>\n\n    <h3 class=\"accordion-top-title\">Working Committee <\/h3>\n  <\/div>\n\n  <div class=\"accordion-content\" id=\"accordion-content-69d888d457692\">\n          <p>The role, assignment and composition of the Working Committee are regulated in Section 4.1 of the Monitoring Committee\u2019s Rules of Procedure.<\/p>\n<h2>Members of the Working Committee of the Monitoring Committee<\/h2>\n<p>Paul Andersson, Swedish Public Employment Service<\/p>\n<p>Marita \u00d6berg Molin, Coompanion<\/p>\n<p>Anna Ericsson, Equality Ombudsman (DO)<\/p>\n<p>Marina Carlsson, Swedish Disability Rights Federation<\/p>\n<p>Sofia Gagnert, Swedish Social Insurance Agency<\/p>\n<p>Mattias Schulstad, Swedish Trade Union Confederation (LO)<\/p>\n<p>Alexandra Fritzon, Save the Children Sweden<\/p>\n<p>Gunnar Anderzon, Swedish Association of Local Authorities and Regions (SALAR)<\/p>\n<p>H\u00e5kan Gustavsson, Swedish Confederation of Professional Employees (TCO)<\/p>\n<p>Sara Martinsson, Institute for Evaluation of Labour Market and Education Policy (IFAU) (co-opted on evaluation matters)<\/p>\n<p>\u00c5sa Bergqvist, Ministry of Employment (co-opted)<\/p>\n<p>Jenny Glumoff, Swedish ESF Council (co-opted)<\/p>\n\n    \n    \n      <\/div>\n\n  <button class=\"accordion-close\" type=\"button\" @click=\"open = false\">\n    St\u00e4ng\n  <\/button>\n<\/div>\n\n\n\n<h2 class=\"wp-block-heading container\" id=\"roll-och-uppgifter\">Role and assignment<\/h2>\n\n\n\n<p class=\"container\">The role and assignment of the Monitoring Committee are regulated in Regulation (EU) 2021\/1060 and the national ESF+ Operational Programme.&nbsp;The Monitoring Committee decides on the rules of procedure for the committee\u2019s decision-making process, the formalities of meetings, etc.&nbsp;<\/p>\n\n\n<div class=\"container link-list  \" >\n              <div class=\"\">\n                          <div class=\"mb-4  \">\n          <a class=\"arrow-link small\"\n         title=\" REGULATION (EU) 2021\/1060 OF THE EUROPEAN PARLIAMENT AND OF THE COUNCIL of 24 June 2021 (Title IV Chapter 1 \u201cMonitoring\u201d)\"          href=\"https:\/\/eur-lex.europa.eu\/legal-content\/SV\/TXT\/PDF\/?uri=CELEX:32021R1060&#038;from=EN\"\n         target=\"_blank\">\n                <div class=\"arrow\">\n                      <svg xmlns=\"http:\/\/www.w3.org\/2000\/svg\" width=\"18\" height=\"14\" viewBox=\"0 0 18 14\">\n              <g transform=\"translate(2751.553 -2040.461)\">\n                <path d=\"M1423.483,3895.065l6.453,6.454,6.453-6.454\" transform=\"translate(-6636.377 3477.381) rotate(-90)\" fill=\"none\" stroke=\"#124261\" stroke-width=\"1.5\"\/>\n                <path d=\"M-2734.859,2047.445h-16.694\" fill=\"none\" stroke=\"#124261\" stroke-width=\"1.5\"\/>\n              <\/g>\n            <\/svg>\n                  <\/div>\n\n                  <span class=\"bold\"> REGULATION (EU) 2021\/1060 OF THE EUROPEAN PARLIAMENT AND OF THE COUNCIL of 24 June 2021 (Title IV Chapter 1 \u201cMonitoring\u201d)<\/span>\n        \n        <\/a>\n\n        <\/div>\n                      <div class=\"mb-4  \">\n          <a class=\"arrow-link small\"\n         title=\"Programme information\"          href=\"https:\/\/www.esf.se\/en\/socialfondsprogrammet-esf-2021-2027\"\n         target=\"\">\n                <div class=\"arrow\">\n                      <svg xmlns=\"http:\/\/www.w3.org\/2000\/svg\" width=\"18\" height=\"14\" viewBox=\"0 0 18 14\">\n              <g transform=\"translate(2751.553 -2040.461)\">\n                <path d=\"M1423.483,3895.065l6.453,6.454,6.453-6.454\" transform=\"translate(-6636.377 3477.381) rotate(-90)\" fill=\"none\" stroke=\"#124261\" stroke-width=\"1.5\"\/>\n                <path d=\"M-2734.859,2047.445h-16.694\" fill=\"none\" stroke=\"#124261\" stroke-width=\"1.5\"\/>\n              <\/g>\n            <\/svg>\n                  <\/div>\n\n                  <span class=\"bold\">Programme information<\/span>\n        \n        <\/a>\n\n        <\/div>\n          <\/div>\n  <\/div>\n\n\n\n<h2 class=\"wp-block-heading container\" id=\"moten\">Meetings<\/h2>\n\n\n\n<p>The Monitoring Committee usually meets four times a year on a weekday.<\/p>\n\n\n\n<p>During 2024, the committee will meet on the following dates:<\/p>\n\n\n\n<ul class=\"wp-block-list\">\n<li>7 mars<\/li>\n\n\n\n<li>21 maj<\/li>\n\n\n\n<li>8 oktober<\/li>\n\n\n\n<li>3 december<\/li>\n<\/ul>\n\n\n\n<p class=\"container\">The Working Committee meets roughly four weeks before each Monitoring Committee meeting. During 2024, the Working Committee will meet on the following dates:<\/p>\n\n\n\n<ul class=\"wp-block-list\">\n<li>8 februari<\/li>\n\n\n\n<li>22 april<\/li>\n\n\n\n<li>9 september<\/li>\n\n\n\n<li>4 november<\/li>\n<\/ul>\n\n\n\n<h2 class=\"wp-block-heading container\" id=\"kansli-sekretariat\">Secretariat<\/h2>\n\n\n\n<p>The task of assisting the Monitoring Committee is one of the Swedish ESF Council\u2019s core assignments pursuant to <a href=\"http:\/\/www.riksdagen.se\/sv\/dokument-lagar\/dokument\/svensk-forfattningssamling\/forordning-2007907-med-instruktion-for-radet_sfs-2007-907\" target=\"_blank\" rel=\"noreferrer noopener\">Ordinance (SFS 2007:907)<\/a> with instructions for the Council of the European Social Fund in Sweden.&nbsp;This assignment is discharged through a function called the Secretariat of the Monitoring Committee.<\/p>\n\n\n\n<p>Pursuant to the Monitoring Committee\u2019s rules of procedure, among other duties the secretariat is responsible for preparing meeting documents, agendas, minutes and reports to the committee in consultation with the chair.<\/p>\n\n\n\n<p>Secretariat of the Monitoring Committee: <a href=\"mailto:overvakningskommitten@esf.se\" target=\"_blank\" rel=\"noreferrer noopener\">overvakningskommitten@esf.se<\/a><\/p>\n\n\n\n<h2 class=\"wp-block-heading container\" id=\"insyn-i-ok-s-arbete\">Insight into the work of the Monitoring Committee<\/h2>\n\n\n\n<p>Agendas and minutes are examples of the official documents that describe matters dealt with at meetings of and the decisions reached by the Monitoring Committee.<\/p>\n\n\n\n<p>Requests to access official documents should be sent to&nbsp;<a href=\"mailto:esf@esf.se\">esf@esf.se<\/a>.<\/p>\n\n\n\n<h2 class=\"wp-block-heading container\" id=\"styrande-dokument\">Governance documents<\/h2>\n\n\n\n<p class=\"container\">The governance documents that regulate European Structural and Investment Funds are mainly decided on by the European Commission and the Swedish Government.<\/p>\n\n\n<div class=\"documents\">\n  \n  \n  <div class=\"document-row\">\n          <a class=\"document-link\" href=\"https:\/\/www.esf.se\/app\/uploads\/2022\/12\/Overvakningskommittens-arbetsordning-rev-2022-12-07-1.pdf\" target=\"_blank\" rel=\"noopener\">\n            <i class=\"fal fa-pull-left fa-file-pdf\" data-fa-transform=\"down-2\"><\/i>\n\n            <span class=\"document-link-title\">\u00d6vervakningskommitt\u00e9ns arbetsordning rev 2022-12-07<\/span>\n            <span class=\"sr-only\">(\u00f6ppnas i nytt f\u00f6nster)<\/span>\n          <\/a>\n        <\/div>\n                \n          \n<\/div>\n\n\n<div class=\"container link-list  \" >\n              <div class=\"\">\n                          <div class=\"mb-4  \">\n          <a class=\"arrow-link small\"\n         title=\" Other governance documents can be found here (in Swedish)\"          href=\"https:\/\/www.esf.se\/uppfoljning-revision-och-regelverk\/styrande-dokument\/\"\n         target=\"\">\n                <div class=\"arrow\">\n                      <svg xmlns=\"http:\/\/www.w3.org\/2000\/svg\" width=\"18\" height=\"14\" viewBox=\"0 0 18 14\">\n              <g transform=\"translate(2751.553 -2040.461)\">\n                <path d=\"M1423.483,3895.065l6.453,6.454,6.453-6.454\" transform=\"translate(-6636.377 3477.381) rotate(-90)\" fill=\"none\" stroke=\"#124261\" stroke-width=\"1.5\"\/>\n                <path d=\"M-2734.859,2047.445h-16.694\" fill=\"none\" stroke=\"#124261\" stroke-width=\"1.5\"\/>\n              <\/g>\n            <\/svg>\n                  <\/div>\n\n                  <span class=\"bold\"> Other governance documents can be found here (in Swedish)<\/span>\n        \n        <\/a>\n\n        <\/div>\n          <\/div>\n  <\/div>\n","protected":false},"excerpt":{"rendered":"<p>The Monitoring Committee consists of representatives of public authorities, the business community and labour market parties, research institutes and higher education institutions and relevant bodies representing civil society, including those that promote social inclusion, fundamental rights, the rights of people with disabilities, gender equality and non-discrimination. The Government appoints the chair of the committee and &#8230;<\/p>\n","protected":false},"author":4,"featured_media":0,"parent":0,"menu_order":3,"comment_status":"closed","ping_status":"closed","template":"","meta":{"_acf_changed":false,"_helpful_pro_status":0,"footnotes":"","_links_to":"","_links_to_target":""},"class_list":["post-29338","page","type-page","status-publish","hentry"],"acf":[],"_links":{"self":[{"href":"https:\/\/www.esf.se\/en\/wp-json\/wp\/v2\/pages\/29338","targetHints":{"allow":["GET"]}}],"collection":[{"href":"https:\/\/www.esf.se\/en\/wp-json\/wp\/v2\/pages"}],"about":[{"href":"https:\/\/www.esf.se\/en\/wp-json\/wp\/v2\/types\/page"}],"author":[{"embeddable":true,"href":"https:\/\/www.esf.se\/en\/wp-json\/wp\/v2\/users\/4"}],"replies":[{"embeddable":true,"href":"https:\/\/www.esf.se\/en\/wp-json\/wp\/v2\/comments?post=29338"}],"version-history":[{"count":3,"href":"https:\/\/www.esf.se\/en\/wp-json\/wp\/v2\/pages\/29338\/revisions"}],"predecessor-version":[{"id":34505,"href":"https:\/\/www.esf.se\/en\/wp-json\/wp\/v2\/pages\/29338\/revisions\/34505"}],"wp:attachment":[{"href":"https:\/\/www.esf.se\/en\/wp-json\/wp\/v2\/media?parent=29338"}],"curies":[{"name":"wp","href":"https:\/\/api.w.org\/{rel}","templated":true}]}}