{"id":29316,"date":"2020-05-05T08:14:32","date_gmt":"2020-05-05T06:14:32","guid":{"rendered":"https:\/\/www.esf.se\/?page_id=29316"},"modified":"2025-09-24T16:24:57","modified_gmt":"2025-09-24T14:24:57","slug":"about-the-swedish-esf-council","status":"publish","type":"page","link":"https:\/\/www.esf.se\/en\/about-the-swedish-esf-council\/","title":{"rendered":"About the Swedish ESF Council"},"content":{"rendered":"\n<p>The Swedish ESF Council is a government agency established in 2000 under the Ministry of Employment. We hold the government assignment to administer the European Social Fund in Sweden and thus to strengthen the position of Swedish citizens in the labour market. The Swedish ESF Council has some 140 employees working at eight regional offices and the council\u2019s head office in G\u00e4vle.<\/p>\n\n\n\n<h2 class=\"wp-block-heading\">The Swedish ESF Council is a government agency<\/h2>\n\n\n\n<p>The agency\u2019s official title is the Council for the European Social Fund in Sweden but we use the name Swedish ESF Council. Our operations cover multiple policy areas, although mainly social and labour market policy, education policy, trade and industry policy and integration policy.<\/p>\n\n\n\n<h2 class=\"wp-block-heading\">We change the labour market<\/h2>\n\n\n\n<p>Thanks to the European Social Fund, the Swedish ESF Council finances projects on skills development, labour market measures and integration interventions. Our operations are intended to reduce unemployment and social exclusion, strengthen Sweden\u2019s long-term skills provision and economic growth and increase cohesion within the EU.<\/p>\n\n\n\n<p>In our projects, we develop existing and alternative methods and trial new organisational and collaborative forms, thus providing new solutions and working methods that can be applied in Sweden\u2019s labour market policy and welfare system.<\/p>\n\n\n\n<p>Our work is imbued with the determination to counter discrimination and increase gender equality. We also take active measures to increase access for people with disabilities.&nbsp;Over the years, we have also built up unique expertise concerning the European Union&#8217;s Cohesion Policy and European Structural and Investment Funds and projects in Sweden.<\/p>\n\n\n\n<h2 class=\"wp-block-heading\">The EU and the Swedish ESF Council<\/h2>\n\n\n\n<p>Each year, the EU invests \u20ac10 billion in the European Social Fund, which is equivalent to 10 per cent of the total EU budget. Member States also make individual contributions. This money is used to fund various national, regional and local projects to create jobs and contribute to skills provision. Member States receive funding based on their relative prosperity.<\/p>\n\n\n\n<p>Every Member States has one or more organisations tasked with administering the European Social Fund. In Sweden, the Swedish ESF Council is the agency responsible for ensuring that funds are utilised in accordance with both EU strategies and national policies.<\/p>\n\n\n\n<p>The Council for the European Social Fund in Sweden<\/p>\n\n\n\n<p>The agency\u2019s official title is the Council for the European Social Fund in Sweden but we use the name Swedish ESF Council in our day-to-day operations.<\/p>\n\n\n\n<h2 class=\"wp-block-heading\">Organisation<\/h2>\n\n\n\n<p>The Swedish ESF Council employs some 140 people at its head office in G\u00e4vle and in eight regional offices around Sweden.<\/p>\n\n\n\n<h2 class=\"wp-block-heading\">Organisation chart<\/h2>\n\n\n\n<figure class=\"wp-block-image size-large\"><img loading=\"lazy\" decoding=\"async\" width=\"768\" height=\"432\" src=\"https:\/\/www.esf.se\/app\/uploads\/2024\/04\/Organisationsschema-ENG-768x432.jpg\" alt=\"Organisational chart of the swedish esf council.\" class=\"wp-image-29321\" srcset=\"https:\/\/www.esf.se\/app\/uploads\/2024\/04\/Organisationsschema-ENG-768x432.jpg 768w, https:\/\/www.esf.se\/app\/uploads\/2024\/04\/Organisationsschema-ENG-300x169.jpg 300w, https:\/\/www.esf.se\/app\/uploads\/2024\/04\/Organisationsschema-ENG-150x84.jpg 150w, https:\/\/www.esf.se\/app\/uploads\/2024\/04\/Organisationsschema-ENG-100x56.jpg 100w, https:\/\/www.esf.se\/app\/uploads\/2024\/04\/Organisationsschema-ENG-1000x563.jpg 1000w, https:\/\/www.esf.se\/app\/uploads\/2024\/04\/Organisationsschema-ENG.jpg 1280w\" sizes=\"auto, (max-width: 768px) 100vw, 768px\" \/><\/figure>\n\n\n\n<h2 class=\"wp-block-heading\">Regional division<\/h2>\n\n\n\n<p>The Swedish ESF Council has eight regional offices in Sweden located in Lule\u00e5, \u00d6stersund, G\u00e4vle (head office), Stockholm, \u00d6rebro, J\u00f6nk\u00f6ping, Gothenburg and Malm\u00f6.<\/p>\n\n\n\n<p>The Swedish ESF Council\u2019s regional division correspond to the territorial units of the EU drawn up by Eurostat for statistical purposes rather than Sweden\u2019s own administrative regions (formerly counties).<\/p>\n","protected":false},"excerpt":{"rendered":"<p>The Swedish ESF Council is a government agency established in 2000 under the Ministry of Employment. We hold the government assignment to administer the European Social Fund in Sweden and thus to strengthen the position of Swedish citizens in the labour market. The Swedish ESF Council has some 140 employees working at eight regional offices &#8230;<\/p>\n","protected":false},"author":4,"featured_media":0,"parent":0,"menu_order":2,"comment_status":"closed","ping_status":"closed","template":"","meta":{"_acf_changed":false,"_helpful_pro_status":0,"footnotes":"","_links_to":"","_links_to_target":""},"class_list":["post-29316","page","type-page","status-publish","hentry"],"acf":[],"_links":{"self":[{"href":"https:\/\/www.esf.se\/en\/wp-json\/wp\/v2\/pages\/29316","targetHints":{"allow":["GET"]}}],"collection":[{"href":"https:\/\/www.esf.se\/en\/wp-json\/wp\/v2\/pages"}],"about":[{"href":"https:\/\/www.esf.se\/en\/wp-json\/wp\/v2\/types\/page"}],"author":[{"embeddable":true,"href":"https:\/\/www.esf.se\/en\/wp-json\/wp\/v2\/users\/4"}],"replies":[{"embeddable":true,"href":"https:\/\/www.esf.se\/en\/wp-json\/wp\/v2\/comments?post=29316"}],"version-history":[{"count":4,"href":"https:\/\/www.esf.se\/en\/wp-json\/wp\/v2\/pages\/29316\/revisions"}],"predecessor-version":[{"id":34500,"href":"https:\/\/www.esf.se\/en\/wp-json\/wp\/v2\/pages\/29316\/revisions\/34500"}],"wp:attachment":[{"href":"https:\/\/www.esf.se\/en\/wp-json\/wp\/v2\/media?parent=29316"}],"curies":[{"name":"wp","href":"https:\/\/api.w.org\/{rel}","templated":true}]}}